{"id":2,"date":"2022-04-27T08:49:19","date_gmt":"2022-04-27T08:49:19","guid":{"rendered":"https:\/\/peab-projekt.onpointigo.com\/?page_id=2"},"modified":"2022-05-16T14:55:23","modified_gmt":"2022-05-16T12:55:23","slug":"home","status":"publish","type":"page","link":"https:\/\/peab-projekt.onpointigo.com\/","title":{"rendered":"Home"},"content":{"rendered":"\n<p>Vi rekommenderar att du skapar ett konto p\u00e5 <a rel=\"noreferrer noopener\" href=\"https:\/\/peab.onpointigo.com\/\" data-type=\"URL\" data-id=\"https:\/\/peab.onpointigo.com\/\" target=\"_blank\">peab.onpointigo.com<\/a>.<br>Har du tidigare anv\u00e4nt On Pointigo s\u00e5 beh\u00f6ver du inte t\u00e4nka p\u00e5 detta. \u00c4r det f\u00f6rsta g\u00e5ngen s\u00e5 rekommenderar vi att du ocks\u00e5 g\u00e5r igenom v\u00e5r kom ig\u00e5ng guide <a rel=\"noreferrer noopener\" href=\"https:\/\/onpointigo.zendesk.com\/hc\/sv\/articles\/4408163106322-En-snabbguide-lathund-f%C3%B6r-dig-som-%C3%A4r-ny-anv%C3%A4ndare-i-On-Pointigo\" data-type=\"URL\" data-id=\"https:\/\/onpointigo.zendesk.com\/hc\/sv\/articles\/4408163106322-En-snabbguide-lathund-f%C3%B6r-dig-som-%C3%A4r-ny-anv%C3%A4ndare-i-On-Pointigo\" target=\"_blank\">h\u00e4r<\/a>. <br>Vi h\u00f6r av oss inom 1-3 dagarna om projketet nedan efter best\u00e4llning \u00e4r skapad.<\/p>\n\n\n<div role=\"form\" class=\"wpcf7\" id=\"wpcf7-f7-o1\" lang=\"en-US\" dir=\"ltr\">\n<div class=\"screen-reader-response\"><p role=\"status\" aria-live=\"polite\" aria-atomic=\"true\"><\/p> <ul><\/ul><\/div>\n<form action=\"\/index.php?rest_route=%2Fwp%2Fv2%2Fpages%2F2#wpcf7-f7-o1\" method=\"post\" class=\"wpcf7-form init\" novalidate=\"novalidate\" data-status=\"init\">\n<div style=\"display: none;\">\n<input type=\"hidden\" name=\"_wpcf7\" value=\"7\" \/>\n<input type=\"hidden\" name=\"_wpcf7_version\" value=\"5.6.3\" \/>\n<input type=\"hidden\" name=\"_wpcf7_locale\" value=\"en_US\" \/>\n<input type=\"hidden\" name=\"_wpcf7_unit_tag\" value=\"wpcf7-f7-o1\" \/>\n<input type=\"hidden\" name=\"_wpcf7_container_post\" value=\"0\" \/>\n<input type=\"hidden\" name=\"_wpcf7_posted_data_hash\" value=\"\" \/>\n<\/div>\n<p><label>Projektnamn *<br \/>\n<span class=\"wpcf7-form-control-wrap\" data-name=\"project-name\"><input type=\"text\" name=\"project-name\" value=\"\" size=\"40\" class=\"wpcf7-form-control wpcf7-text wpcf7-validates-as-required\" aria-required=\"true\" aria-invalid=\"false\" placeholder=\"Ange projektnamn\" \/><\/span><\/label><\/p>\n<p><label>Projektv\u00e4rde *<br \/>\n<span class=\"wpcf7-form-control-wrap\" data-name=\"project-value\"><select name=\"project-value\" class=\"wpcf7-form-control wpcf7-select wpcf7-validates-as-required\" aria-required=\"true\" aria-invalid=\"false\"><option value=\"V\u00e4lj projektv\u00e4rde i miljoner SEK\">V\u00e4lj projektv\u00e4rde i miljoner SEK<\/option><option value=\"0-29 Mkr\">0-29 Mkr<\/option><option value=\"30-99 Mkr\">30-99 Mkr<\/option><option value=\"100-249 Mkr\">100-249 Mkr<\/option><option value=\"250-499 Mkr\">250-499 Mkr<\/option><option value=\"501+ Mkr\">501+ Mkr<\/option><\/select><\/span><\/label><\/p>\n<p><label>\u00c4gare *<br \/>\n<span class=\"wpcf7-form-control-wrap\" data-name=\"owner\"><input type=\"text\" name=\"owner\" value=\"\" size=\"40\" class=\"wpcf7-form-control wpcf7-text wpcf7-validates-as-required\" aria-required=\"true\" aria-invalid=\"false\" placeholder=\"Ange namn p\u00e5 \u00e4gare av projektet\" \/><\/span><\/label><\/p>\n<p><label>E-post *<br \/>\n<span class=\"wpcf7-form-control-wrap\" data-name=\"owner-email\"><input type=\"email\" name=\"owner-email\" value=\"\" size=\"40\" class=\"wpcf7-form-control wpcf7-text wpcf7-email wpcf7-validates-as-required wpcf7-validates-as-email\" aria-required=\"true\" aria-invalid=\"false\" placeholder=\"Ange e-post till \u00e4gare av projektet\" \/><\/span><\/label><\/p>\n<p><label>Faktureringsadress *<br \/>\n<span class=\"wpcf7-form-control-wrap\" data-name=\"invoice-address\"><textarea name=\"invoice-address\" cols=\"40\" rows=\"10\" class=\"wpcf7-form-control wpcf7-textarea wpcf7-validates-as-required\" aria-required=\"true\" aria-invalid=\"false\" placeholder=\"Ange faktureringsadress\"><\/textarea><\/span><\/label><\/p>\n<p><label>Referens\/projektnummer *<br \/>\n<span class=\"wpcf7-form-control-wrap\" data-name=\"reference\"><input type=\"text\" name=\"reference\" value=\"\" size=\"40\" class=\"wpcf7-form-control wpcf7-text wpcf7-validates-as-required\" aria-required=\"true\" aria-invalid=\"false\" placeholder=\"Ange referens\/projektnummer\" \/><\/span><\/label><\/p>\n<p><label>Meddelande (frivillig)<br \/>\n<span class=\"wpcf7-form-control-wrap\" data-name=\"message\"><textarea name=\"message\" cols=\"40\" rows=\"10\" class=\"wpcf7-form-control wpcf7-textarea\" aria-invalid=\"false\" placeholder=\"Skriv meddelande\"><\/textarea><\/span><\/label><\/p>\n<p><input type=\"submit\" value=\"Skicka best\u00e4llning\" class=\"wpcf7-form-control has-spinner wpcf7-submit\" \/><\/p>\n<div class=\"wpcf7-response-output\" aria-hidden=\"true\"><\/div><\/form><\/div>\n","protected":false},"excerpt":{"rendered":"<p>Vi rekommenderar att du skapar ett konto p\u00e5 peab.onpointigo.com.Har du tidigare anv\u00e4nt On Pointigo s\u00e5 beh\u00f6ver du inte t\u00e4nka p\u00e5 detta. \u00c4r det f\u00f6rsta g\u00e5ngen s\u00e5 rekommenderar vi att du ocks\u00e5 g\u00e5r igenom v\u00e5r kom ig\u00e5ng guide h\u00e4r. Vi h\u00f6r av oss inom 1-3 dagarna om projketet nedan efter best\u00e4llning \u00e4r skapad.<\/p>\n","protected":false},"author":1,"featured_media":0,"parent":0,"menu_order":0,"comment_status":"closed","ping_status":"closed","template":"blank","meta":[],"_links":{"self":[{"href":"https:\/\/peab-projekt.onpointigo.com\/index.php?rest_route=\/wp\/v2\/pages\/2"}],"collection":[{"href":"https:\/\/peab-projekt.onpointigo.com\/index.php?rest_route=\/wp\/v2\/pages"}],"about":[{"href":"https:\/\/peab-projekt.onpointigo.com\/index.php?rest_route=\/wp\/v2\/types\/page"}],"author":[{"embeddable":true,"href":"https:\/\/peab-projekt.onpointigo.com\/index.php?rest_route=\/wp\/v2\/users\/1"}],"replies":[{"embeddable":true,"href":"https:\/\/peab-projekt.onpointigo.com\/index.php?rest_route=%2Fwp%2Fv2%2Fcomments&post=2"}],"version-history":[{"count":9,"href":"https:\/\/peab-projekt.onpointigo.com\/index.php?rest_route=\/wp\/v2\/pages\/2\/revisions"}],"predecessor-version":[{"id":38,"href":"https:\/\/peab-projekt.onpointigo.com\/index.php?rest_route=\/wp\/v2\/pages\/2\/revisions\/38"}],"wp:attachment":[{"href":"https:\/\/peab-projekt.onpointigo.com\/index.php?rest_route=%2Fwp%2Fv2%2Fmedia&parent=2"}],"curies":[{"name":"wp","href":"https:\/\/api.w.org\/{rel}","templated":true}]}}